{"id":1222,"date":"2018-07-08T15:05:26","date_gmt":"2018-07-08T15:05:26","guid":{"rendered":"http:\/\/mervemore.com\/?page_id=1222"},"modified":"2022-08-01T16:28:54","modified_gmt":"2022-08-01T13:28:54","slug":"iletisim","status":"publish","type":"page","link":"https:\/\/mervemore.com\/en\/iletisim\/","title":{"rendered":"Contact"},"content":{"rendered":"<section class=\"fw-main-row  ls section_padding_top_150 section_padding_bottom_150 columns_padding_30 columns_margin_bottom_40\"  id=\"address-map\">\n\n\t\t<div class=\"container\">\n\t\t<div class=\"row\">\n\t\t\t\n    <div class=\"col-xs-12\" >\n        <p><iframe style=\"border: 0;\" src=\"https:\/\/www.google.com\/maps\/embed?pb=!1m18!1m12!1m3!1d936.7002466263989!2d27.86905797877195!3d37.84457519083482!2m3!1f0!2f0!3f0!3m2!1i1024!2i768!4f13.1!3m3!1m2!1s0x14b92b04d4cc45ed%3A0x6fa4a1d42e56593b!2zQXRhLCBHxLFkYWPEsWxhciBCbHYuIE5vOjYwLCAwOTAxMCBBeWTEsW4gTWVya2V6L0F5ZMSxbg!5e0!3m2!1str!2str!4v1658342275854!5m2!1str!2str\" width=\"1170\" height=\"600\" allowfullscreen=\"allowfullscreen\"><\/iframe><\/p>    <\/div>\n\n\n\n\t<div class=\"fw-divider-space\"\n                style=\"padding-top: 10px;\"\n            ><\/div>\n\n    <div class=\"col-xs-12 col-md-6\" >\n        <h2>\u0130leti\u015fim Formu<\/h2>\n\t<div class=\"fw-divider-space\"\n                style=\"margin-top: -15px;\"\n            ><\/div>\n<p>E-posta adresiniz yay\u0131nlanmayacakt\u0131r. S\u00fcrekli rahats\u0131z etmeyece\u011fimize s\u00f6z veriyoruz.<\/p>\n\t<div class=\"fw-divider-space\"\n                style=\"padding-top: 10px;\"\n            ><\/div>\n<div><div role=\"form\" class=\"wpcf7\" id=\"wpcf7-f1231-o1\" lang=\"en-US\" dir=\"ltr\">\n<div class=\"screen-reader-response\"><p role=\"status\" aria-live=\"polite\" aria-atomic=\"true\"><\/p> <ul><\/ul><\/div>\n<form action=\"\/en\/wp-json\/wp\/v2\/pages\/1222#wpcf7-f1231-o1\" method=\"post\" class=\"wpcf7-form init\" novalidate=\"novalidate\" data-status=\"init\" data-trp-original-action=\"\/en\/wp-json\/wp\/v2\/pages\/1222#wpcf7-f1231-o1\">\n<div style=\"display: none;\">\n<input type=\"hidden\" name=\"_wpcf7\" value=\"1231\" \/>\n<input type=\"hidden\" name=\"_wpcf7_version\" value=\"5.6.1\" \/>\n<input type=\"hidden\" name=\"_wpcf7_locale\" value=\"en_US\" \/>\n<input type=\"hidden\" name=\"_wpcf7_unit_tag\" value=\"wpcf7-f1231-o1\" \/>\n<input type=\"hidden\" name=\"_wpcf7_container_post\" value=\"0\" \/>\n<input type=\"hidden\" name=\"_wpcf7_posted_data_hash\" value=\"\" \/>\n<\/div>\n<div class=\"row columns_padding_10\">\n<div class=\"col-xs-12\">\n<div class=\"form-group\">\n        <span class=\"wpcf7-form-control-wrap\" data-name=\"your-name\"><input type=\"text\" name=\"your-name\" value=\"\" size=\"40\" class=\"wpcf7-form-control wpcf7-text wpcf7-validates-as-required form-control with_icon\" aria-required=\"true\" aria-invalid=\"false\" placeholder=\"Your Name&amp;Surname\" \/><\/span><i class=\"qtex-user grey\"><\/i>\n        <\/div>\n<\/div>\n<div class=\"col-xs-12\">\n<div class=\"form-group\">\n        <span class=\"wpcf7-form-control-wrap\" data-name=\"your-email\"><input type=\"email\" name=\"your-email\" value=\"\" size=\"40\" class=\"wpcf7-form-control wpcf7-text wpcf7-email wpcf7-validates-as-required wpcf7-validates-as-email form-control with_icon\" aria-required=\"true\" aria-invalid=\"false\" placeholder=\"E-Posta Adresiniz\" \/><\/span><i class=\"qtex-envelope grey\"><\/i>\n        <\/div>\n<\/div>\n<div class=\"col-xs-12\">\n<div class=\"form-group\">\n        <span class=\"wpcf7-form-control-wrap\" data-name=\"your-subject\"><input type=\"text\" name=\"your-subject\" value=\"\" size=\"40\" class=\"wpcf7-form-control wpcf7-text form-control with_icon\" aria-invalid=\"false\" placeholder=\"Konu\" \/><\/span><i class=\"qtex-comment grey\"><\/i>\n        <\/div>\n<\/div>\n<div class=\"col-xs-12\">\n<div class=\"form-group\">\n        <span class=\"wpcf7-form-control-wrap\" data-name=\"tel-146\"><input type=\"tel\" name=\"tel-146\" value=\"\" size=\"40\" class=\"wpcf7-form-control wpcf7-text wpcf7-tel wpcf7-validates-as-tel form-control with_icon\" aria-invalid=\"false\" placeholder=\"Your Phone Number\" \/><\/span><i class=\"qtex-phone grey\"><\/i>\n        <\/div>\n<\/div>\n<div class=\"col-xs-12\">\n<div class=\"form-group\">\n        <span class=\"wpcf7-form-control-wrap\" data-name=\"your-message\"><textarea name=\"your-message\" cols=\"50\" rows=\"3\" class=\"wpcf7-form-control wpcf7-textarea form-control with_icon\" aria-invalid=\"false\" placeholder=\"Your Message\"><\/textarea><\/span><i class=\"qtex-comment grey\"><\/i>\n        <\/div>\n<\/div>\n<div class=\"col-xs-12 bottommargin_0\">\n<p class=\"contact-form-submit\"><input type=\"submit\" value=\"Send\" class=\"wpcf7-form-control has-spinner wpcf7-submit theme_button min_width_button bottommargin_0\" \/><\/p>\n<\/div>\n<\/div>\n<p style=\"display: none !important;\"><label>&#916;<textarea name=\"_wpcf7_ak_hp_textarea\" cols=\"45\" rows=\"8\" maxlength=\"100\"><\/textarea><\/label><input type=\"hidden\" id=\"ak_js_1\" name=\"_wpcf7_ak_js\" value=\"115\"\/><script>document.getElementById( \"ak_js_1\" ).setAttribute( \"value\", ( new Date() ).getTime() );<\/script><\/p><div class=\"wpcf7-response-output\" aria-hidden=\"true\"><\/div><input type=\"hidden\" name=\"trp-form-language\" value=\"en\"\/><\/form><\/div><\/div>    <\/div>\n\n\n\n    <div class=\"col-xs-12 col-md-6\" >\n        <h2>\u0130leti\u015fime Ge\u00e7in<\/h2>\n\t<div class=\"fw-divider-space\"\n                style=\"margin-top: -15px;\"\n            ><\/div>\n<p>Firmam\u0131z ve \u00fcr\u00fcnlerimizde hakk\u0131nda bize yazabilirsiniz, en k\u0131sa s\u00fcrede geri d\u00f6n\u00fc\u015f sa\u011flayaca\u011f\u0131z.<\/p>\n\t<div class=\"fw-divider-space\"\n                style=\"padding-top: 20px;\"\n            ><\/div>\n<ul class=\"list1 no-bullets\">\n\t\t\t<li>\n\t\t\t    <div class=\"media teaser media-icon-teaser\">\n        <div class=\"media-left media-middle\">\n            \n\t            <div class=\"teaser_icon highlight2 size_normal\">\n        \n\t\t\t                <i class=\"qtex- qtex-phone\"><\/i>\n\t\t\t\n                <\/div>\n        \n\t        <\/div>\n        <div class=\"media-body media-middle\">\n\t        <h3>Telefon<\/h3><p>(0256)231 05 78 \/ (0541)472 35 05<\/p>        <\/div>\n    <\/div>\n\t\t<\/li>\n\t\t\t<li>\n\t\t\t    <div class=\"media teaser media-icon-teaser\">\n        <div class=\"media-left media-middle\">\n            \n\t            <div class=\"teaser_icon highlight3 size_normal\">\n        \n\t\t\t                <i class=\"qtex- qtex-envelope\"><\/i>\n\t\t\t\n                <\/div>\n        \n\t        <\/div>\n        <div class=\"media-body media-middle\">\n\t        <h3>E-Posta<\/h3><div class=\"greylinks\"><a href=\"#\">info@m<\/a>ervemore.com<\/div>        <\/div>\n    <\/div>\n\t\t<\/li>\n\t\t\t<li>\n\t\t\t    <div class=\"media teaser media-icon-teaser\">\n        <div class=\"media-left media-middle\">\n            \n\t            <div class=\"teaser_icon highlight size_normal\">\n        \n\t\t\t                <i class=\"qtex- qtex-map-marker\"><\/i>\n\t\t\t\n                <\/div>\n        \n\t        <\/div>\n        <div class=\"media-body media-middle\">\n\t        <h3>Adres<\/h3><p>Ata Mah. G\u0131dac\u0131lar Blv. No:60\/18 EFELER\/AYDIN<\/p>        <\/div>\n    <\/div>\n\t\t<\/li>\n\t<\/ul>    <\/div>\n\n\n\t\t<\/div>\n\t<\/div>\n<\/section>","protected":false},"excerpt":{"rendered":"<p>\u0130leti\u015fim Formu E-posta adresiniz yay\u0131nlanmayacakt\u0131r. S\u00fcrekli rahats\u0131z etmeyece\u011fimize s\u00f6z veriyoruz. &#916; \u0130leti\u015fime Ge\u00e7in Firmam\u0131z ve \u00fcr\u00fcnlerimizde hakk\u0131nda bize yazabilirsiniz, en k\u0131sa s\u00fcrede geri d\u00f6n\u00fc\u015f sa\u011flayaca\u011f\u0131z. Telefon(0256)231 05 78 \/ (0541)472 35 05 E-Postainfo@mervemore.com AdresAta Mah. G\u0131dac\u0131lar Blv. No:60\/18 EFELER\/AYDIN<\/p>","protected":false},"author":1,"featured_media":0,"parent":0,"menu_order":0,"comment_status":"closed","ping_status":"closed","template":"page-templates\/full-width.php","meta":[],"_links":{"self":[{"href":"https:\/\/mervemore.com\/en\/wp-json\/wp\/v2\/pages\/1222"}],"collection":[{"href":"https:\/\/mervemore.com\/en\/wp-json\/wp\/v2\/pages"}],"about":[{"href":"https:\/\/mervemore.com\/en\/wp-json\/wp\/v2\/types\/page"}],"author":[{"embeddable":true,"href":"https:\/\/mervemore.com\/en\/wp-json\/wp\/v2\/users\/1"}],"replies":[{"embeddable":true,"href":"https:\/\/mervemore.com\/en\/wp-json\/wp\/v2\/comments?post=1222"}],"version-history":[{"count":17,"href":"https:\/\/mervemore.com\/en\/wp-json\/wp\/v2\/pages\/1222\/revisions"}],"predecessor-version":[{"id":1886,"href":"https:\/\/mervemore.com\/en\/wp-json\/wp\/v2\/pages\/1222\/revisions\/1886"}],"wp:attachment":[{"href":"https:\/\/mervemore.com\/en\/wp-json\/wp\/v2\/media?parent=1222"}],"curies":[{"name":"wp","href":"https:\/\/api.w.org\/{rel}","templated":true}]}}