{"id":1198,"date":"2018-07-08T14:37:07","date_gmt":"2018-07-08T14:37:07","guid":{"rendered":"http:\/\/mervemore.com\/?page_id=1198"},"modified":"2022-07-26T13:01:45","modified_gmt":"2022-07-26T10:01:45","slug":"hakkimizda","status":"publish","type":"page","link":"https:\/\/mervemore.com\/en\/hakkimizda\/","title":{"rendered":"About Us"},"content":{"rendered":"<p><section class=\"fw-main-row  ls section_padding_top_150 section_padding_bottom_150\"  id=\"about-single\">\n\n\t\t<div class=\"container\">\n\t\t<div class=\"row\">\n\t\t\t\n    <div class=\"col-xs-12\" >\n        <p><img class=\"alignright size-full wp-image-1202\" src=\"http:\/\/mervemore.com\/wp-content\/uploads\/2022\/07\/thumbnail_IMG_2087.jpg\" alt=\"\" width=\"570\" height=\"428\" \/><\/p>\n            <h2 class=\"section_header\">\n\t            Merve More            <\/h2>\n\n\t\t\n            <p class=\"grey   small-text\">\n\t            Who Are we ?            <\/p>\n\n\t\t<p>MERVE TEXTILE was founded in 1999 Ayd\u0131n \/Efeler by brothers Merve ALPARGUN ALTINTA\u015e and Metin Alp ALPARGUN.<\/p><p>MERVE TEXTILE established MORE brand in 2011 2000 m2 clesed area, dynam\u0131c and modern machinery of 40 people provides the best quality service to most of the domest\u0131c and foreign.\n\nManufactures apparel made of knitted and woven fabrics, mainly knitted fabric domectic and abroad, with the understanding that follows and uses innovations and technology and always prioritizes quality and trust.<\/p><ul class=\"list2 grey\"><li>150.000 pieces of production can be made per year.<\/li><li>85% of its capacity is reserved for exports and 15% for MOR E brand.<\/li><\/ul><p>As MERVE TEXTILE , aiming to add innovations to the sector every day, the improvement to be made continues to produce products that are in harmony with nature.<\/p><p>70% of the waste in our organizations supports sustainability with transportation in the project in the recyling process.<\/p><p>MERVE TEXTILE improving the envionment day by day , takes pride in providing a happy work environment o its valuable employees with the responsibility of transferring over 22 years of production experience to younger generations.<br \/>\u00e7al\u0131\u015fanlar\u0131na sosyal faaliyetler d\u00fczenleyerek, fiziki \u015fartlar\u0131n\u0131 her ge\u00e7en g\u00fcn iyile\u015ftirerek mutlu bir \u00e7al\u0131\u015fma ortam\u0131 sa\u011flaman\u0131n verdi\u011fi gururu ya\u015famaktad\u0131r.<\/p>    <\/div>\n\n\n\t\t<\/div>\n\t<\/div>\n<\/section>\n<section class=\"fw-main-row  ls section_padding_top_0 section_padding_bottom_25\"  id=\"about\">\n\n\t\t<div class=\"container\">\n\t\t<div class=\"row flex-wrap v-center\">\n\t\t\t\n    <div class=\"col-xs-12 col-sm-8 col-md-6\" >\n        <img src=\"\/\/mervemore.com\/wp-content\/uploads\/2022\/07\/mervemore-hakkimizda.jpg\" alt=\"\/\/mervemore.com\/wp-content\/uploads\/2022\/07\/mervemore-hakkimizda.jpg\" class=\"about-cover\" \/>    <\/div>\n\n\n\n    <div class=\"col-xs-12 col-md-6\" >\n        \n            <h2 class=\"section_header\">\n\t            Merve More            <\/h2>\n\n\t\t\n            <p class=\"grey   small-text\">\n\t            for better products            <\/p>\n\n\t\t<p>MERVE TEXTILE improving the envionment day by day , takes pride in providing a happy work environment o its valuable employees with the responsibility of transferring over 22 years of production experience to younger generations.<\/p>\n\t<div class=\"fw-divider-space  hidden-md hidden-sm hidden-xs\"\n                style=\"padding-top: 40px;\"\n            ><\/div>\n\n\t<div class=\"fw-divider-space  hidden-md hidden-sm hidden-xs\"\n                style=\"padding-top: 10px;\"\n            ><\/div>\n\n<div class=\"content-justify v-center v-spacing\">\n<img src=\"\/\/mervemore.com\/wp-content\/uploads\/2022\/07\/merve-more-logo-min.jpg\" alt=\"\/\/mervemore.com\/wp-content\/uploads\/2022\/07\/merve-more-logo-min.jpg\" class=\"\" \/>\n<\/div>\n    <\/div>\n\n\n\t\t<\/div>\n\t<\/div>\n<\/section>\n<\/p>","protected":false},"excerpt":{"rendered":"<p>Merve More Biz Kimiz? MERVE TEKST\u0130L 1999 y\u0131l\u0131nda Merve ALPARGUN ALTINTA\u015e ve Metin Alp ALPARGUN karde\u015fler taraf\u0131ndan Ayd\u0131n \/ Efeler de kurulmu\u015ftur.2011 y\u0131l\u0131nda MORE markas\u0131n\u0131 kurmu\u015ftur. 2000 m2 lik kapal\u0131 alan\u0131, 40 ki\u015filik dinamik ekibi ve modern makine parkuru ile yerli ve yabanc\u0131 bir\u00e7ok m\u00fc\u015fterisine kalite odakl\u0131 en iyi hizmeti vermektedir. Yenilikleri ve teknolojiyi takip [&hellip;]<\/p>","protected":false},"author":1,"featured_media":0,"parent":0,"menu_order":0,"comment_status":"closed","ping_status":"closed","template":"page-templates\/full-width.php","meta":[],"_links":{"self":[{"href":"https:\/\/mervemore.com\/en\/wp-json\/wp\/v2\/pages\/1198"}],"collection":[{"href":"https:\/\/mervemore.com\/en\/wp-json\/wp\/v2\/pages"}],"about":[{"href":"https:\/\/mervemore.com\/en\/wp-json\/wp\/v2\/types\/page"}],"author":[{"embeddable":true,"href":"https:\/\/mervemore.com\/en\/wp-json\/wp\/v2\/users\/1"}],"replies":[{"embeddable":true,"href":"https:\/\/mervemore.com\/en\/wp-json\/wp\/v2\/comments?post=1198"}],"version-history":[{"count":19,"href":"https:\/\/mervemore.com\/en\/wp-json\/wp\/v2\/pages\/1198\/revisions"}],"predecessor-version":[{"id":1683,"href":"https:\/\/mervemore.com\/en\/wp-json\/wp\/v2\/pages\/1198\/revisions\/1683"}],"wp:attachment":[{"href":"https:\/\/mervemore.com\/en\/wp-json\/wp\/v2\/media?parent=1198"}],"curies":[{"name":"wp","href":"https:\/\/api.w.org\/{rel}","templated":true}]}}